{"id":66,"date":"2020-09-24T13:23:29","date_gmt":"2020-09-24T13:23:29","guid":{"rendered":"https:\/\/trueman-demo.bslthemes.com\/?page_id=66"},"modified":"2024-03-03T15:08:39","modified_gmt":"2024-03-03T14:08:39","slug":"resume","status":"publish","type":"page","link":"https:\/\/sonicmarketinglab.com\/index.php\/resume\/","title":{"rendered":"Resume"},"content":{"rendered":"\t\t<div data-elementor-type=\"wp-page\" data-elementor-id=\"66\" class=\"elementor elementor-66\">\n\t\t\t\t\t\t<section class=\"elementor-section elementor-top-section elementor-element elementor-element-8a20918 elementor-section-full_width elementor-section-height-default elementor-section-height-default\" data-id=\"8a20918\" data-element_type=\"section\">\n\t\t\t\t\t\t<div class=\"elementor-container elementor-column-gap-no\">\n\t\t\t\t\t<div class=\"elementor-column elementor-col-100 elementor-top-column elementor-element elementor-element-ed8665e\" data-id=\"ed8665e\" data-element_type=\"column\">\n\t\t\t<div class=\"elementor-widget-wrap\">\n\t\t\t\t\t\t\t<\/div>\n\t\t<\/div>\n\t\t\t\t\t<\/div>\n\t\t<\/section>\n\t\t\t\t<section class=\"elementor-section elementor-top-section elementor-element elementor-element-d38a51d elementor-section-full_width elementor-section-height-default elementor-section-height-default\" data-id=\"d38a51d\" data-element_type=\"section\">\n\t\t\t\t\t\t<div class=\"elementor-container elementor-column-gap-no\">\n\t\t\t\t\t<div class=\"elementor-column elementor-col-100 elementor-top-column elementor-element elementor-element-67999b4\" data-id=\"67999b4\" data-element_type=\"column\">\n\t\t\t<div class=\"elementor-widget-wrap elementor-element-populated\">\n\t\t\t\t\t\t<div class=\"elementor-element elementor-element-32f1535 elementor-widget elementor-widget-trueman-skills\" data-id=\"32f1535\" data-element_type=\"widget\" data-widget_type=\"trueman-skills.default\">\n\t\t\t\t<div class=\"elementor-widget-container\">\n\t\t\t\n\t\t<!-- skills -->\n        <div class=\"row\">\n        \t        \t<div class=\"col-12 col-lg-6\">\n        \t\t                <div class=\"trm-skill-card trm-scroll-animation\" data-scroll data-scroll-offset=\"40\">\n                                    <div class=\"trm-mb-40\">\n                    <div class=\"trm-skill-header\">\n                      <h6 class=\"trm-mb-15\">\n                      \t<span >\n\t\t\t\t\t\t\tDeutsch\t\t\t\t\t\t<\/span>\n                      <\/h6>\n                      <span class=\"trm-label trm-label-light\">\n                      \t<span >\n\t\t\t\t\t\t\t100%\t\t\t\t\t\t<\/span>\n                      <\/span>\n                    <\/div>\n                    <div class=\"trm-progressbar-frame\">\n                      <div class=\"trm-progressbar p100\"><\/div>\n                    <\/div>\n                  <\/div>\n                                    <div class=\"trm-mb-40\">\n                    <div class=\"trm-skill-header\">\n                      <h6 class=\"trm-mb-15\">\n                      \t<span >\n\t\t\t\t\t\t\tEnglisch\t\t\t\t\t\t<\/span>\n                      <\/h6>\n                      <span class=\"trm-label trm-label-light\">\n                      \t<span >\n\t\t\t\t\t\t\t90%\t\t\t\t\t\t<\/span>\n                      <\/span>\n                    <\/div>\n                    <div class=\"trm-progressbar-frame\">\n                      <div class=\"trm-progressbar p90\"><\/div>\n                    <\/div>\n                  <\/div>\n                                  <\/div>\n                              <\/div>\n\n                            <div class=\"col-12 col-lg-6\">\n              \t                <div class=\"trm-skill-card trm-scroll-animation\" data-scroll data-scroll-offset=\"40\">\n                                    <div class=\"trm-mb-40\">\n                    <div class=\"trm-skill-header\">\n                      <h6 class=\"trm-mb-15\">\n                      \t<span >\n\t\t\t\t\t\t\tSpanisch\t\t\t\t\t\t<\/span>\n                      <\/h6>\n                      <span class=\"trm-label trm-label-light\">\n                      \t<span >\n\t\t\t\t\t\t\t40%\t\t\t\t\t\t<\/span>\n                      <\/span>\n                    <\/div>\n                    <div class=\"trm-progressbar-frame\">\n                      <div class=\"trm-progressbar p40\"><\/div>\n                    <\/div>\n                  <\/div>\n                                  <\/div>\n                              <\/div>\n                    <\/div>\n        <!-- skills end -->\n\n\t\t\t\t<\/div>\n\t\t\t\t<\/div>\n\t\t\t\t<div class=\"elementor-element elementor-element-0de24cf elementor-widget elementor-widget-trueman-skills\" data-id=\"0de24cf\" data-element_type=\"widget\" data-widget_type=\"trueman-skills.default\">\n\t\t\t\t<div class=\"elementor-widget-container\">\n\t\t\t\n\t\t<!-- skills -->\n        <div class=\"row\">\n        \t        \t<div class=\"col-12 col-lg-6\">\n        \t\t                <div class=\"trm-skill-card trm-scroll-animation\" data-scroll data-scroll-offset=\"40\">\n                                    <div class=\"trm-mb-40\">\n                    <div class=\"trm-skill-header\">\n                      <h6 class=\"trm-mb-15\">\n                      \t<span >\n\t\t\t\t\t\t\tGoogle Ads &amp; Microsoft Ads\t\t\t\t\t\t<\/span>\n                      <\/h6>\n                      <span class=\"trm-label trm-label-light\">\n                      \t<span >\n\t\t\t\t\t\t\t90%\t\t\t\t\t\t<\/span>\n                      <\/span>\n                    <\/div>\n                    <div class=\"trm-progressbar-frame\">\n                      <div class=\"trm-progressbar p90\"><\/div>\n                    <\/div>\n                  <\/div>\n                                    <div class=\"trm-mb-40\">\n                    <div class=\"trm-skill-header\">\n                      <h6 class=\"trm-mb-15\">\n                      \t<span >\n\t\t\t\t\t\t\tMeta Ads\t\t\t\t\t\t<\/span>\n                      <\/h6>\n                      <span class=\"trm-label trm-label-light\">\n                      \t<span >\n\t\t\t\t\t\t\t80%\t\t\t\t\t\t<\/span>\n                      <\/span>\n                    <\/div>\n                    <div class=\"trm-progressbar-frame\">\n                      <div class=\"trm-progressbar p80\"><\/div>\n                    <\/div>\n                  <\/div>\n                                    <div class=\"trm-mb-40\">\n                    <div class=\"trm-skill-header\">\n                      <h6 class=\"trm-mb-15\">\n                      \t<span >\n\t\t\t\t\t\t\tGoogle Analytics &amp; Matomo\t\t\t\t\t\t<\/span>\n                      <\/h6>\n                      <span class=\"trm-label trm-label-light\">\n                      \t<span >\n\t\t\t\t\t\t\t70%\t\t\t\t\t\t<\/span>\n                      <\/span>\n                    <\/div>\n                    <div class=\"trm-progressbar-frame\">\n                      <div class=\"trm-progressbar p70\"><\/div>\n                    <\/div>\n                  <\/div>\n                                    <div class=\"trm-mb-40\">\n                    <div class=\"trm-skill-header\">\n                      <h6 class=\"trm-mb-15\">\n                      \t<span >\n\t\t\t\t\t\t\tLooker Studio Reporting\t\t\t\t\t\t<\/span>\n                      <\/h6>\n                      <span class=\"trm-label trm-label-light\">\n                      \t<span >\n\t\t\t\t\t\t\t60%\t\t\t\t\t\t<\/span>\n                      <\/span>\n                    <\/div>\n                    <div class=\"trm-progressbar-frame\">\n                      <div class=\"trm-progressbar p60\"><\/div>\n                    <\/div>\n                  <\/div>\n                                    <div class=\"trm-mb-40\">\n                    <div class=\"trm-skill-header\">\n                      <h6 class=\"trm-mb-15\">\n                      \t<span >\n\t\t\t\t\t\t\tEmail-Marketing\t\t\t\t\t\t<\/span>\n                      <\/h6>\n                      <span class=\"trm-label trm-label-light\">\n                      \t<span >\n\t\t\t\t\t\t\t60%\t\t\t\t\t\t<\/span>\n                      <\/span>\n                    <\/div>\n                    <div class=\"trm-progressbar-frame\">\n                      <div class=\"trm-progressbar p60\"><\/div>\n                    <\/div>\n                  <\/div>\n                                  <\/div>\n                              <\/div>\n\n                            <div class=\"col-12 col-lg-6\">\n              \t                <div class=\"trm-skill-card trm-scroll-animation\" data-scroll data-scroll-offset=\"40\">\n                                    <div class=\"trm-mb-40\">\n                    <div class=\"trm-skill-header\">\n                      <h6 class=\"trm-mb-15\">\n                      \t<span >\n\t\t\t\t\t\t\tWordpress\t\t\t\t\t\t<\/span>\n                      <\/h6>\n                      <span class=\"trm-label trm-label-light\">\n                      \t<span >\n\t\t\t\t\t\t\t50%\t\t\t\t\t\t<\/span>\n                      <\/span>\n                    <\/div>\n                    <div class=\"trm-progressbar-frame\">\n                      <div class=\"trm-progressbar p50\"><\/div>\n                    <\/div>\n                  <\/div>\n                                    <div class=\"trm-mb-40\">\n                    <div class=\"trm-skill-header\">\n                      <h6 class=\"trm-mb-15\">\n                      \t<span >\n\t\t\t\t\t\t\tCopywriting\t\t\t\t\t\t<\/span>\n                      <\/h6>\n                      <span class=\"trm-label trm-label-light\">\n                      \t<span >\n\t\t\t\t\t\t\t40%\t\t\t\t\t\t<\/span>\n                      <\/span>\n                    <\/div>\n                    <div class=\"trm-progressbar-frame\">\n                      <div class=\"trm-progressbar p40\"><\/div>\n                    <\/div>\n                  <\/div>\n                                    <div class=\"trm-mb-40\">\n                    <div class=\"trm-skill-header\">\n                      <h6 class=\"trm-mb-15\">\n                      \t<span >\n\t\t\t\t\t\t\tVideo-Editing\t\t\t\t\t\t<\/span>\n                      <\/h6>\n                      <span class=\"trm-label trm-label-light\">\n                      \t<span >\n\t\t\t\t\t\t\t30%\t\t\t\t\t\t<\/span>\n                      <\/span>\n                    <\/div>\n                    <div class=\"trm-progressbar-frame\">\n                      <div class=\"trm-progressbar p30\"><\/div>\n                    <\/div>\n                  <\/div>\n                                    <div class=\"trm-mb-40\">\n                    <div class=\"trm-skill-header\">\n                      <h6 class=\"trm-mb-15\">\n                      \t<span >\n\t\t\t\t\t\t\tGrafikdesign\t\t\t\t\t\t<\/span>\n                      <\/h6>\n                      <span class=\"trm-label trm-label-light\">\n                      \t<span >\n\t\t\t\t\t\t\t30%\t\t\t\t\t\t<\/span>\n                      <\/span>\n                    <\/div>\n                    <div class=\"trm-progressbar-frame\">\n                      <div class=\"trm-progressbar p30\"><\/div>\n                    <\/div>\n                  <\/div>\n                                    <div class=\"trm-mb-40\">\n                    <div class=\"trm-skill-header\">\n                      <h6 class=\"trm-mb-15\">\n                      \t<span >\n\t\t\t\t\t\t\tHTML\/CSS\t\t\t\t\t\t<\/span>\n                      <\/h6>\n                      <span class=\"trm-label trm-label-light\">\n                      \t<span >\n\t\t\t\t\t\t\t10%\t\t\t\t\t\t<\/span>\n                      <\/span>\n                    <\/div>\n                    <div class=\"trm-progressbar-frame\">\n                      <div class=\"trm-progressbar p10\"><\/div>\n                    <\/div>\n                  <\/div>\n                                  <\/div>\n                              <\/div>\n                    <\/div>\n        <!-- skills end -->\n\n\t\t\t\t<\/div>\n\t\t\t\t<\/div>\n\t\t\t\t\t<\/div>\n\t\t<\/div>\n\t\t\t\t\t<\/div>\n\t\t<\/section>\n\t\t\t\t<section class=\"elementor-section elementor-top-section elementor-element elementor-element-39f3674 elementor-section-full_width elementor-section-height-default elementor-section-height-default\" data-id=\"39f3674\" data-element_type=\"section\">\n\t\t\t\t\t\t<div class=\"elementor-container elementor-column-gap-no\">\n\t\t\t\t\t<div class=\"elementor-column elementor-col-100 elementor-top-column elementor-element elementor-element-d1accfd\" data-id=\"d1accfd\" data-element_type=\"column\">\n\t\t\t<div class=\"elementor-widget-wrap elementor-element-populated\">\n\t\t\t\t\t\t<div class=\"elementor-element elementor-element-37fca34 elementor-widget elementor-widget-trueman-skills2\" data-id=\"37fca34\" data-element_type=\"widget\" data-widget_type=\"trueman-skills2.default\">\n\t\t\t\t<div class=\"elementor-widget-container\">\n\t\t\t\n\t\t<!-- knowledge -->\n        <div class=\"row\">\n                    <div class=\"col-lg-12\">\n            <!-- title -->\n            <h5 class=\"trm-mb-40 trm-title--h trm-title-with-divider\">\n            \t<span >\n            \t\tSoftware &amp; Plattformen            \t<\/span>\n            \t<span data-number=\"02\"><\/span>\n            <\/h5>\n          <\/div>\n                    <div class=\"col-lg-12\">\n          \t            <div class=\"trm-card\">\n              <div class=\"row\">\n                                <div class=\"col-lg-4\">\n                  <div >\n\t\t\t\t\t<ul class=\"trm-list\"><li>Google Analytics<\/li><li>Matomo<\/li><li>Looker Studio<\/li><li>Google Tag Manager<\/li><\/ul>\t\t\t\t  <\/div>\n                <\/div>\n                                <div class=\"col-lg-4\">\n                  <div >\n\t\t\t\t\t<ul class=\"trm-list\"><li>Affinity Photo 2<\/li><li>Figma<\/li><li>Canva<\/li><li>DaVinci Resolve<\/li><\/ul>\t\t\t\t  <\/div>\n                <\/div>\n                                <div class=\"col-lg-4\">\n                  <div >\n\t\t\t\t\t<ul class=\"trm-list\"><li>Asana<\/li><li>WordPress\/WooCommerce<\/li><li>Klaviyo<\/li><li>WeClapp<\/li><\/ul>\t\t\t\t  <\/div>\n                <\/div>\n                              <\/div>\n\n            <\/div>\n                      <\/div>\n        <\/div>\n\n\t\t\t\t<\/div>\n\t\t\t\t<\/div>\n\t\t\t\t\t<\/div>\n\t\t<\/div>\n\t\t\t\t\t<\/div>\n\t\t<\/section>\n\t\t\t\t<section class=\"elementor-section elementor-top-section elementor-element elementor-element-1e15db6 elementor-section-full_width elementor-section-height-default elementor-section-height-default\" data-id=\"1e15db6\" data-element_type=\"section\">\n\t\t\t\t\t\t<div class=\"elementor-container elementor-column-gap-no\">\n\t\t\t\t\t<div class=\"elementor-column elementor-col-100 elementor-top-column elementor-element elementor-element-32fedfb\" data-id=\"32fedfb\" data-element_type=\"column\">\n\t\t\t<div class=\"elementor-widget-wrap elementor-element-populated\">\n\t\t\t\t\t\t<div class=\"elementor-element elementor-element-8a6ea07 elementor-widget elementor-widget-trueman-resume\" data-id=\"8a6ea07\" data-element_type=\"widget\" data-widget_type=\"trueman-resume.default\">\n\t\t\t\t<div class=\"elementor-widget-container\">\n\t\t\t\n\t\t<!-- history -->\n        <div class=\"row\">\n                    <div class=\"col-lg-12\">\n            <!-- title -->\n            <h5 class=\"trm-mb-40 trm-title--h trm-title-with-divider\">\n            \t<span >\n\t\t          \tMeine Erfahrung\t\t        <\/span>\n            \t<span data-number=\"03\"><\/span>\n            <\/h5>\n          <\/div>\n          \n          <div class=\"col-12 col-lg-6\">\n                        <!-- timeline -->\n            <div class=\"trm-timeline\">\n                            <div class=\"trm-timeline-item trm-scroll-animation\" data-scroll data-scroll-offset=\"40\">\n                <div class=\"trm-timeline-mark-light\"><\/div>\n                <div class=\"trm-timeline-mark\"><\/div>\n                <div class=\"trm-a trm-timeline-content\">\n                  <div class=\"trm-card-header\">\n                    <div class=\"trm-left-side\">\n                                            <h6 class=\"trm-mb-15\">\n                      \t<span >\n\t\t\t        \t\tUnverpackt f\u00fcr alle\t\t\t        \t<\/span>\n                      <\/h6>\n                                                                  <div class=\"trm-text-sm trm-accent-color trm-mb-15\">\n                      \t<i>\n                      \t\t<span >\n\t\t\t\t        \t\tM\u00e4r 2022 - Feb 2024\t\t\t\t        \t<\/span>\n                      \t<\/i>\n                      <\/div>\n                                          <\/div>\n                  <\/div>\n                                    <div class=\"trm-mb-20\">\n                  \t<div >\n\t\t        \t\t<p>Als Head of Marketing leitete ich s\u00e4mtliche Marketingaktivit\u00e4ten. Mit meinem datengetriebenen Ansatz evaluierte &amp; optimierte ich kontinuierlich die Strategie.<\/p><p>Schwerpunkte waren Social Media, Advertising &amp; Betreuung der Website.<\/p>\t\t        \t<\/div>\n                  <\/div>\n                                    \t              \t              \t              <a href=\"https:\/\/drive.google.com\/file\/d\/1infdHODTse0nVtrOBgoclM7LLQn_UrpV\/view?usp=sharing\" class=\"trm-label trm-label-color\" rel=\"nofollow noopener\" target=\"_blank\">\n\t              \t              \t<span >\n\t\t        \t\tArbeitszeugnis Ansehen\t\t        \t<\/span>\n\t\t        \t<i class=\"fas fa-arrow-right\"><\/i>\n\t              <\/a>\n\t                              <\/div>\n              <\/div>\n                            <div class=\"trm-timeline-item trm-scroll-animation\" data-scroll data-scroll-offset=\"40\">\n                <div class=\"trm-timeline-mark-light\"><\/div>\n                <div class=\"trm-timeline-mark\"><\/div>\n                <div class=\"trm-a trm-timeline-content\">\n                  <div class=\"trm-card-header\">\n                    <div class=\"trm-left-side\">\n                                            <h6 class=\"trm-mb-15\">\n                      \t<span >\n\t\t\t        \t\tWundercurves\t\t\t        \t<\/span>\n                      <\/h6>\n                                                                  <div class=\"trm-text-sm trm-accent-color trm-mb-15\">\n                      \t<i>\n                      \t\t<span >\n\t\t\t\t        \t\tMai 2020 - Feb 2022\t\t\t\t        \t<\/span>\n                      \t<\/i>\n                      <\/div>\n                                          <\/div>\n                  <\/div>\n                                    <div class=\"trm-mb-20\">\n                  \t<div >\n\t\t        \t\t<p>Als Werkstudent begann ich meine Kenntnisse in Performance Marketing &amp; Analytics zu entwickeln. Im April 2021 \u00fcbernahm ich die Position des Head of Marketing.<\/p>\t\t        \t<\/div>\n                  <\/div>\n                                    \t              \t              \t              <a href=\"https:\/\/drive.google.com\/file\/d\/1uBJ4jTO5pv51LnTYFgmSQFbrUUG9CPfs\/view?usp=sharing\" class=\"trm-label trm-label-color\" rel=\"nofollow noopener\" target=\"_blank\">\n\t              \t              \t<span >\n\t\t        \t\tArbeitszeugnis Ansehen\t\t        \t<\/span>\n\t\t        \t<i class=\"fas fa-arrow-right\"><\/i>\n\t              <\/a>\n\t                              <\/div>\n              <\/div>\n                            <div class=\"trm-timeline-item trm-scroll-animation\" data-scroll data-scroll-offset=\"40\">\n                <div class=\"trm-timeline-mark-light\"><\/div>\n                <div class=\"trm-timeline-mark\"><\/div>\n                <div class=\"trm-a trm-timeline-content\">\n                  <div class=\"trm-card-header\">\n                    <div class=\"trm-left-side\">\n                                            <h6 class=\"trm-mb-15\">\n                      \t<span >\n\t\t\t        \t\tDIPAT - Die Patientenverf\u00fcgung\t\t\t        \t<\/span>\n                      <\/h6>\n                                                                  <div class=\"trm-text-sm trm-accent-color trm-mb-15\">\n                      \t<i>\n                      \t\t<span >\n\t\t\t\t        \t\tOkt 2019 - Mai 2020\t\t\t\t        \t<\/span>\n                      \t<\/i>\n                      <\/div>\n                                          <\/div>\n                  <\/div>\n                                    <div class=\"trm-mb-20\">\n                  \t<div >\n\t\t        \t\t<p>Als Werkstudent habe ich in allen Bereichen unterst\u00fctzend mitgewirkt. Schwerpunkte lagen im Contentmarketing: Mit SEO-optimierten Blogartikeln &amp; Suchkampagnen generierten wir Leads, die wir dann mit Emailmarketing konvertierten.<\/p>\t\t        \t<\/div>\n                  <\/div>\n                                                    <\/div>\n              <\/div>\n                          <\/div>\n            <!-- timeline end -->\n                      <\/div>\n                    <div class=\"col-12 col-lg-6\">\n                        <div class=\"trm-timeline\">\n                            <div class=\"trm-timeline-item trm-scroll-animation\" data-scroll data-scroll-offset=\"40\">\n                <div class=\"trm-timeline-mark-light\"><\/div>\n                <div class=\"trm-timeline-mark\"><\/div>\n                <div class=\"trm-a trm-timeline-content\">\n                  <div class=\"trm-card-header\">\n                    <div class=\"trm-left-side\">\n                                            <h6 class=\"trm-mb-15\">\n                      \t<span >\n\t\t\t        \t\tPraktikum Gewandhaus zu Leipzig | Marketing &amp; Kommunikation\t\t\t        \t<\/span>\n                      <\/h6>\n                                                                  <div class=\"trm-text-sm trm-accent-color trm-mb-15\">\n                      \t<i>\n                      \t\t<span >\n\t\t\t\t        \t\tJan 2018 - Jun 2018\t\t\t\t        \t<\/span>\n                      \t<\/i>\n                      <\/div>\n                                          <\/div>\n                  <\/div>\n                                    <div class=\"trm-mb-20\">\n                  \t<div >\n\t\t        \t\t<p>Als Praktikant habe ich bei allen Aktivit\u00e4ten unterst\u00fctzt. Schwerpunkte lagen dabei in der Kommunikation \u00fcber Print-Medien.<\/p><p>Highlight war die Planung &amp; Betreuung des Festivals Klassik Airleben.<\/p>\t\t        \t<\/div>\n                  <\/div>\n                                    \t              \t              \t              <a href=\"https:\/\/drive.google.com\/file\/d\/1FfxYtHE3R2Hdu-K896uAkK9RDpwG59f1\/view?usp=sharing\" class=\"trm-label trm-label-color\" rel=\"nofollow noopener\" target=\"_blank\">\n\t              \t              \t<span >\n\t\t        \t\tPraktikumszeugnis Ansehen\t\t        \t<\/span>\n\t\t        \t<i class=\"fas fa-arrow-right\"><\/i>\n\t              <\/a>\n\t                              <\/div>\n              <\/div>\n                            <div class=\"trm-timeline-item trm-scroll-animation\" data-scroll data-scroll-offset=\"40\">\n                <div class=\"trm-timeline-mark-light\"><\/div>\n                <div class=\"trm-timeline-mark\"><\/div>\n                <div class=\"trm-a trm-timeline-content\">\n                  <div class=\"trm-card-header\">\n                    <div class=\"trm-left-side\">\n                                            <h6 class=\"trm-mb-15\">\n                      \t<span >\n\t\t\t        \t\tMusikwissenschaft Uni zu Leipzig\t\t\t        \t<\/span>\n                      <\/h6>\n                                                                  <div class=\"trm-text-sm trm-accent-color trm-mb-15\">\n                      \t<i>\n                      \t\t<span >\n\t\t\t\t        \t\tOkt 2013 - Apr 2021\t\t\t\t        \t<\/span>\n                      \t<\/i>\n                      <\/div>\n                                          <\/div>\n                  <\/div>\n                                    <div class=\"trm-mb-20\">\n                  \t<div >\n\t\t        \t\t<p>Das Studium zeigte mir, dass eine Akademiker-Laufbahn nicht in Frage kommt, weshalb ich parallel begann im Marketing zu arbeiten. Nach erfolgreich absolviertem Bachelor, habe ich den Master im April 2021 abgebrochen, um eine Stelle als Digital Marketing Manager wahrzunehmen.<\/p>\t\t        \t<\/div>\n                  <\/div>\n                                                    <\/div>\n              <\/div>\n              \n            <\/div>\n                      <\/div>\n                  <\/div>\n        <!-- history end -->\n\n\t\t\t\t<\/div>\n\t\t\t\t<\/div>\n\t\t\t\t\t<\/div>\n\t\t<\/div>\n\t\t\t\t\t<\/div>\n\t\t<\/section>\n\t\t\t\t<\/div>\n\t\t","protected":false},"excerpt":{"rendered":"<p>Deutsch 100% Englisch 90% Spanisch 40% Google Ads &amp; Microsoft Ads 90% Meta Ads 80% Google Analytics &amp; Matomo 70%&#8230; <\/p>\n<div class=\"trm-el-more\"><a href=\"https:\/\/sonicmarketinglab.com\/index.php\/resume\/\" class=\"trm-label trm-label-color\"><span>Read more<\/span> <i class=\"fas fa-arrow-right\"><\/i><\/a><\/div>\n","protected":false},"author":2,"featured_media":0,"parent":0,"menu_order":0,"comment_status":"closed","ping_status":"closed","template":"template-layout-builder.php","meta":{"footnotes":""},"acf":[],"_links":{"self":[{"href":"https:\/\/sonicmarketinglab.com\/index.php\/wp-json\/wp\/v2\/pages\/66"}],"collection":[{"href":"https:\/\/sonicmarketinglab.com\/index.php\/wp-json\/wp\/v2\/pages"}],"about":[{"href":"https:\/\/sonicmarketinglab.com\/index.php\/wp-json\/wp\/v2\/types\/page"}],"author":[{"embeddable":true,"href":"https:\/\/sonicmarketinglab.com\/index.php\/wp-json\/wp\/v2\/users\/2"}],"replies":[{"embeddable":true,"href":"https:\/\/sonicmarketinglab.com\/index.php\/wp-json\/wp\/v2\/comments?post=66"}],"version-history":[{"count":109,"href":"https:\/\/sonicmarketinglab.com\/index.php\/wp-json\/wp\/v2\/pages\/66\/revisions"}],"predecessor-version":[{"id":1590,"href":"https:\/\/sonicmarketinglab.com\/index.php\/wp-json\/wp\/v2\/pages\/66\/revisions\/1590"}],"wp:attachment":[{"href":"https:\/\/sonicmarketinglab.com\/index.php\/wp-json\/wp\/v2\/media?parent=66"}],"curies":[{"name":"wp","href":"https:\/\/api.w.org\/{rel}","templated":true}]}}